{"id":1508,"date":"2021-07-18T15:03:58","date_gmt":"2021-07-18T15:03:58","guid":{"rendered":"https:\/\/www.laqcolours.com\/note-legali\/"},"modified":"2024-03-14T10:09:38","modified_gmt":"2024-03-14T10:09:38","slug":"note-legali","status":"publish","type":"page","link":"https:\/\/www.laqcolours.com\/it\/note-legali\/","title":{"rendered":"Note legali"},"content":{"rendered":"<p>[et_pb_section fb_built=&#8221;1&#8243; custom_padding_last_edited=&#8221;on|tablet&#8221; _builder_version=&#8221;4.9.4&#8243; _module_preset=&#8221;default&#8221; background_color=&#8221;#fff7f7&#8243; background_enable_image=&#8221;off&#8221; custom_padding=&#8221;120px||90px||false|false&#8221; custom_padding_tablet=&#8221;110px||110px||true|false&#8221; custom_padding_phone=&#8221;80px||80px||true|false&#8221;][et_pb_row _builder_version=&#8221;4.9.4&#8243; _module_preset=&#8221;default&#8221; custom_padding=&#8221;2px||0px|||&#8221;][et_pb_column type=&#8221;4_4&#8243; _builder_version=&#8221;4.9.4&#8243; _module_preset=&#8221;default&#8221;][et_pb_text _builder_version=&#8221;4.9.4&#8243; _module_preset=&#8221;default&#8221; header_font=&#8221;|700|||||||&#8221; header_font_size=&#8221;48px&#8221; text_orientation=&#8221;center&#8221; custom_margin=&#8221;||25px|||&#8221; header_font_size_tablet=&#8221;&#8221; header_font_size_phone=&#8221;32px&#8221; header_font_size_last_edited=&#8221;on|phone&#8221;]<\/p>\n<h1>Note legali<\/h1>\n<p>[\/et_pb_text][\/et_pb_column][\/et_pb_row][\/et_pb_section][et_pb_section fb_built=&#8221;1&#8243; custom_padding_last_edited=&#8221;on|tablet&#8221; module_id=&#8221;smalti&#8221; _builder_version=&#8221;4.9.4&#8243; _module_preset=&#8221;default&#8221; custom_padding=&#8221;0px||0px||true|false&#8221; custom_padding_tablet=&#8221;80px||80px||true|false&#8221; custom_padding_phone=&#8221;&#8221;][et_pb_row _builder_version=&#8221;4.9.4&#8243; _module_preset=&#8221;default&#8221; custom_padding=&#8221;||31px|||&#8221;][et_pb_column type=&#8221;4_4&#8243; _builder_version=&#8221;4.9.4&#8243; _module_preset=&#8221;default&#8221;][et_pb_text module_class=&#8221;sevenfree&#8221; _builder_version=&#8221;4.9.4&#8243; _module_preset=&#8221;default&#8221; text_font=&#8221;|300|||||||&#8221; header_font=&#8221;|700|||||||&#8221; header_font_size=&#8221;48px&#8221; width=&#8221;100%&#8221; module_alignment=&#8221;center&#8221; custom_margin=&#8221;51px||60px|||&#8221; custom_margin_tablet=&#8221;41px||60px||false|false&#8221; custom_margin_phone=&#8221;11px||50px||false|false&#8221; custom_margin_last_edited=&#8221;on|tablet&#8221; custom_padding=&#8221;|0px||0px|false|false&#8221; custom_padding_tablet=&#8221;|0px||0px|false|false&#8221; custom_padding_phone=&#8221;&#8221; custom_padding_last_edited=&#8221;on|phone&#8221; hover_enabled=&#8221;0&#8243; header_2_font=&#8221;Libre Caslon Text||||||||&#8221; sticky_enabled=&#8221;0&#8243;]<\/p>\n<div class=\"blog-post \">\n<div class=\"container\">\n<article id=\"post-244\" class=\"section section-text\">\n<div class=\"row\">\n<div class=\"col-md-8 page-content-wrap col-md-offset-2\">\n<h2>Dati identificativi del Titolare del sito web<\/h2>\n<p>&nbsp;<\/p>\n<p>Ai sensi dall&#8217;articolo 10 della legge 11 luglio 2002, n. 34, sui servizi della societ\u00e0 dell&#8217;informazione e sul commercio elettronico (Ley 34\/2002, de 11 de julio, de Servicios de la Sociedad de la Informaci\u00f3n y Comercio Electr\u00f3nico), il Titolare del sito espone i propri dati identificativi.<\/p>\n<ul>\n<li><b>Titolare del sito:<\/b> Myrline SL.<\/li>\n<li><b>CF\/IVA:<\/b> B66625815<\/li>\n<li><b>Sede legale:<\/b> VIA PRUNERA 21 08415, BIGUES I RIELLS (BARCELLONA), Barcellona \u2013 Spagna.<\/li>\n<li><b>E-mail: <\/b> myrline@myrline.com .<\/li>\n<li><b>Sito Web:<\/b> <a href=\"https:\/\/myrline.com\">https:\/\/myrline.com<\/a><\/li>\n<\/ul>\n<p>&nbsp;<\/p>\n<p>&nbsp;<\/p>\n<h2>Condizioni d&#8217;uso<\/h2>\n<p>&nbsp;<\/p>\n<p>Usando il sito web, diventa Utente e accetta integralmente le clausole e le condizioni d&#8217;uso contenute nelle seguenti pagine:<\/p>\n<ul>\n<li><a href=\"https:\/\/myrline.com\/aviso-legal\/\">Note legali<\/a><\/li>\n<li><a href=\"https:\/\/myrline.com\/politica-de-privacidad\/\">Informativa sulla privacy<\/a><\/li>\n<li><a href=\"https:\/\/myrline.com\/politica-de-cookies\/\">Informativa sui cookie<\/a><\/li>\n<\/ul>\n<p>Se non \u00e8 d&#8217;accordo su tutte queste clausole e condizioni, si astenga dall&#8217;usare questo sito web.<\/p>\n<p>L&#8217;accesso a questo sito web non comporta in nessun modo l&#8217;instaurazione di un rapporto commerciale con Myrline SL.<\/p>\n<p>Attraverso questo sito web, il suo Titolare le permette di accedere a diversi contenuti che il Titolare del sito o i suoi collaboratori hanno pubblicato per mezzo di Internet.<\/p>\n<p>In tal senso, lei \u00e8 obbligato e si impegna a NON usare nessun contenuto del sito web con finalit\u00e0 o effetti illeciti, vietati in queste Note legali o dalla normativa vigente, lesivi dei diritti e degli interessi di terzi, o che in qualsiasi modo possano danneggiare, rendere inutilizzabili, sovraccaricare, deteriorare o impedire il normale utilizzo dei contenuti, le attrezzature informatiche o i documenti, i file e ogni tipo di contenuti immagazzinati in qualsiasi apparecchiatura informatica di Myrline SL, di altri utenti o di qualsiasi utente di Internet.<\/p>\n<p>Il Titolare del sito web si riserva il diritto di eliminare tutti i commenti che violano la normativa vigente, lesivi dei diritti o degli interessi di terzi, o che, secondo il suo parere, non risultino idonei alla pubblicazione.<\/p>\n<p>Myrline SL non sar\u00e0 responsabile delle opinioni espresse dagli utenti attraverso il sistema di commenti, social network e altri strumenti per la partecipazione, ai sensi della normativa vigente in materia.<\/p>\n<p>&nbsp;<\/p>\n<h2>Misure di sicurezza<\/h2>\n<p>&nbsp;<\/p>\n<p>I dati personali forniti al Titolare del sito web possono essere conservati in banche dati automatizzate oppure no, di propriet\u00e0 esclusiva di Myrline SL, che adotta tutte le misure di natura tecnica, organizzativa e di sicurezza che garantiscono la riservatezza, l&#8217;integrit\u00e0 e la qualit\u00e0 delle informazioni contenute nelle stesse, in conformit\u00e0 alla normativa vigente in materia di protezione dei dati.<\/p>\n<p>Tuttavia, deve essere consapevole che le misure di sicurezza dei sistemi informatici in Internet non sono del tutto affidabili e che, pertanto, il Titolare del sito web non pu\u00f2 garantire l&#8217;inesistenza di virus o di altri elementi che possano produrre alterazioni nei sistemi informatici (software e hardware) dell&#8217;Utente o nei suoi documenti elettronici e nei file contenuti negli stessi, nonostante il Titolare del sito si avvalga di tutti i mezzi necessari e adotti tutte le misure di sicurezza opportune per evitare la presenza di tali elementi dannosi.<\/p>\n<p>&nbsp;<\/p>\n<h2>Trattamento dei dati personali<\/h2>\n<p>&nbsp;<\/p>\n<p>Pu\u00f2 consultare tutte le informazioni relative al trattamento dei dati personali raccolti dal Titolare del sito web nella pagina <a href=\"https:\/\/myrline.com\/politica-de-privacidad\/\">Informativa sulla privacy.<\/a><\/p>\n<p>&nbsp;<\/p>\n<h2>Contenuti<\/h2>\n<p>&nbsp;<\/p>\n<p>Il Titolare del sito web ha preso le informazioni, il contenuto multimediale e i materiali pubblicati nel sito web da fonti che ritiene affidabili. Tuttavia, nonostante abbia adottato tutte le ragionevoli misure per garantire che tali informazioni siano corrette, non garantisce che siano corrette, complete e aggiornate. Myrline SL declina espressamente ogni responsabilit\u00e0 per errori od omissioni nelle informazioni contenute nelle pagine di questo sito web. <\/p>\n<p>\u00c8 vietato trasmettere o inviare attraverso il sito qualsiasi contenuto illegale o illecito, virus informatici, o messaggi che, in generale, ledano o violino i diritti del Titolare del sito web o di terzi.<\/p>\n<p>I contenuti di <a href=\"https:\/\/myrline.com\">https:\/\/myrline.com<\/a> hanno esclusivamente una finalit\u00e0 informativa e in nessun caso devono essere considerati un&#8217;offerta in vendita, una richiesta di un&#8217;offerta di acquisto o un invito a effettuare qualsiasi altra operazione, salvo se espressamente indicato.<\/p>\n<p>Myrline SL si riserva il diritto di modificare, sospendere, cancellare o ridurre il contenuto di <a href=\"https:\/\/myrline.com\">https:\/\/myrline.com<\/a>, i link o le informazioni ottenute attraverso il sito, senza necessit\u00e0 di preavviso.<\/p>\n<p>Myrline SL non \u00e8 responsabile di eventuali danni derivanti dall&#8217;uso delle informazioni contenute nel sito o nei social network del Titolare del sito web.<\/p>\n<p>&nbsp;<\/p>\n<p>&nbsp;<\/p>\n<h2>Politica sui cookie<\/h2>\n<p>&nbsp;<\/p>\n<p>Nella pagina <a href=\"https:\/\/myrline.com\/politica-de-cookies\/\">Pol\u00edtica de Cookies<\/a> \u00e8 possibile consultare tutte le informazioni relative alla politica sulla raccolta e sul trattamento dei cookie.<\/p>\n<p>&nbsp;<\/p>\n<p>&nbsp;<\/p>\n<h2>Link ad altri siti web<\/h2>\n<p>&nbsp;<\/p>\n<p>Il Titolare del sito web pu\u00f2 fornire l&#8217;accesso a siti web di terzi mediante link, con l&#8217;esclusiva finalit\u00e0 di far conoscere l&#8217;esistenza di altre fonti di informazione in Internet, attraverso le quali potr\u00e0 integrare le informazioni presenti nel sito web.<\/p>\n<p>Questi link ad altri siti web non vanno intesi in nessun caso come un suggerimento o un invito a visitare i siti web in questione, i quali sono fuori dal controllo del Titolare del sito web, pertanto Myrline SL non \u00e8 responsabile del contenuto dei siti web collegati o del risultato ottenuto seguendo i link.<\/p>\n<p>Myrline SL non risponde neanche dei link presenti nei siti web ai quali fornisce accesso.<\/p>\n<p>La presenza del link non implica in nessun modo l&#8217;esistenza di rapporti tra Myrline SL e il proprietario del sito collegato al link, n\u00e9 l&#8217;accettazione o l&#8217;approvazione da parte del Titolare del sito web dei suoi contenuti o servizi.<\/p>\n<p>Se accede a un sito web esterno attraverso un link che trova su <a href=\"https:\/\/myrline.com\">https:\/\/myrline.com<\/a> dovr\u00e0 leggere la politica sulla privacy dell&#8217;altro sito web, che pu\u00f2 essere diversa da quella di questo sito.<\/p>\n<p>&nbsp;<\/p>\n<p>&nbsp;<\/p>\n<h2>Propriet\u00e0 intellettuale e industriale<\/h2>\n<p>&nbsp;<\/p>\n<p>Tutti i diritti sono riservati.<\/p>\n<p>Ogni accesso a questo sito web \u00e8 soggetto alle seguenti condizioni: la riproduzione, l&#8217;archiviazione permanente e la diffusione dei contenuti o qualsiasi altro uso con finalit\u00e0 pubblica o commerciale sono espressamente vietati senza il consenso previo espresso e scritto di Myrline SL.<\/p>\n<p>&nbsp;<\/p>\n<p>&nbsp;<\/p>\n<h2>Limitazione di responsabilit\u00e0<\/h2>\n<p>&nbsp;<\/p>\n<p>Myrline SL declina qualsiasi responsabilit\u00e0 in caso di interruzioni o malfunzionamenti dei Servizi o contenuti offerti in Internet, per qualsiasi causa. Inoltre, il Titolare del sito web non risponde di interruzioni della connessione, perdite economiche conseguenti a tali interruzioni, interruzioni temporanee della corrente elettrica o qualsiasi altro tipo di danno indiretto che possa derivare da cause estranee al Titolare del sito. <\/p>\n<p>Prima di prendere decisioni e\/o intraprendere azioni in base alle informazioni presenti nel sito web, il Titolare del sito web le consiglia di verificare e confrontare le informazioni ricevute con altre fonti.<\/p>\n<p>&nbsp;<\/p>\n<p>&nbsp;<\/p>\n<h2>Legge applicabile<\/h2>\n<p>&nbsp;<\/p>\n<p>Le presenti Note legali sono formulate ai sensi della normativa spagnola.<\/p>\n<p>&nbsp;<\/p>\n<p>&nbsp;<\/p>\n<h2>Contatti<\/h2>\n<p>&nbsp;<\/p>\n<p>Qualora avesse qualsiasi dubbio in merito alle presenti Note legali o intenda esprimere commenti su questo sito web, pu\u00f2 inviare una mail all&#8217;indirizzo <a href=\"mailto:myrline@myrline.com\">myrline@myrline.com<\/a><\/p>\n<p>&nbsp;<\/p>\n<p>&nbsp;<\/p>\n<\/div>\n<\/div>\n<\/article>\n<\/div>\n<\/div>\n<p>[\/et_pb_text][\/et_pb_column][\/et_pb_row][\/et_pb_section]<\/p>\n","protected":false},"excerpt":{"rendered":"<p>[et_pb_section fb_built=&#8221;1&#8243; custom_padding_last_edited=&#8221;on|tablet&#8221; _builder_version=&#8221;4.9.4&#8243; _module_preset=&#8221;default&#8221; background_color=&#8221;#fff7f7&#8243; background_enable_image=&#8221;off&#8221; custom_padding=&#8221;120px||90px||false|false&#8221; custom_padding_tablet=&#8221;110px||110px||true|false&#8221; custom_padding_phone=&#8221;80px||80px||true|false&#8221;][et_pb_row _builder_version=&#8221;4.9.4&#8243; _module_preset=&#8221;default&#8221; custom_padding=&#8221;2px||0px|||&#8221;][et_pb_column type=&#8221;4_4&#8243; _builder_version=&#8221;4.9.4&#8243; _module_preset=&#8221;default&#8221;][et_pb_text _builder_version=&#8221;4.9.4&#8243; _module_preset=&#8221;default&#8221; header_font=&#8221;|700|||||||&#8221; header_font_size=&#8221;48px&#8221; text_orientation=&#8221;center&#8221; custom_margin=&#8221;||25px|||&#8221; header_font_size_tablet=&#8221;&#8221; header_font_size_phone=&#8221;32px&#8221; header_font_size_last_edited=&#8221;on|phone&#8221;] Note legali [\/et_pb_text][\/et_pb_column][\/et_pb_row][\/et_pb_section][et_pb_section fb_built=&#8221;1&#8243; custom_padding_last_edited=&#8221;on|tablet&#8221; module_id=&#8221;smalti&#8221; _builder_version=&#8221;4.9.4&#8243; _module_preset=&#8221;default&#8221; custom_padding=&#8221;0px||0px||true|false&#8221; custom_padding_tablet=&#8221;80px||80px||true|false&#8221; custom_padding_phone=&#8221;&#8221;][et_pb_row _builder_version=&#8221;4.9.4&#8243; _module_preset=&#8221;default&#8221; custom_padding=&#8221;||31px|||&#8221;][et_pb_column type=&#8221;4_4&#8243; _builder_version=&#8221;4.9.4&#8243; _module_preset=&#8221;default&#8221;][et_pb_text module_class=&#8221;sevenfree&#8221; _builder_version=&#8221;4.9.4&#8243; _module_preset=&#8221;default&#8221; text_font=&#8221;|300|||||||&#8221; header_font=&#8221;|700|||||||&#8221; header_font_size=&#8221;48px&#8221; width=&#8221;100%&#8221; module_alignment=&#8221;center&#8221; custom_margin=&#8221;51px||60px|||&#8221; custom_margin_tablet=&#8221;41px||60px||false|false&#8221; custom_margin_phone=&#8221;11px||50px||false|false&#8221; custom_margin_last_edited=&#8221;on|tablet&#8221; custom_padding=&#8221;|0px||0px|false|false&#8221; [&hellip;]<\/p>\n","protected":false},"author":1,"featured_media":0,"parent":0,"menu_order":0,"comment_status":"closed","ping_status":"closed","template":"","meta":{"_et_pb_use_builder":"on","_et_pb_old_content":"","_et_gb_content_width":"","footnotes":""},"class_list":["post-1508","page","type-page","status-publish","hentry"],"_links":{"self":[{"href":"https:\/\/www.laqcolours.com\/it\/wp-json\/wp\/v2\/pages\/1508","targetHints":{"allow":["GET"]}}],"collection":[{"href":"https:\/\/www.laqcolours.com\/it\/wp-json\/wp\/v2\/pages"}],"about":[{"href":"https:\/\/www.laqcolours.com\/it\/wp-json\/wp\/v2\/types\/page"}],"author":[{"embeddable":true,"href":"https:\/\/www.laqcolours.com\/it\/wp-json\/wp\/v2\/users\/1"}],"replies":[{"embeddable":true,"href":"https:\/\/www.laqcolours.com\/it\/wp-json\/wp\/v2\/comments?post=1508"}],"version-history":[{"count":5,"href":"https:\/\/www.laqcolours.com\/it\/wp-json\/wp\/v2\/pages\/1508\/revisions"}],"predecessor-version":[{"id":1513,"href":"https:\/\/www.laqcolours.com\/it\/wp-json\/wp\/v2\/pages\/1508\/revisions\/1513"}],"wp:attachment":[{"href":"https:\/\/www.laqcolours.com\/it\/wp-json\/wp\/v2\/media?parent=1508"}],"curies":[{"name":"wp","href":"https:\/\/api.w.org\/{rel}","templated":true}]}}