{"id":1551,"date":"2023-03-20T08:55:26","date_gmt":"2023-03-20T08:55:26","guid":{"rendered":"https:\/\/www.laqcolours.com\/labbra\/"},"modified":"2024-10-25T08:25:40","modified_gmt":"2024-10-25T08:25:40","slug":"labbra","status":"publish","type":"page","link":"https:\/\/www.laqcolours.com\/it\/labbra\/","title":{"rendered":"Labbra"},"content":{"rendered":"<p>[et_pb_section fb_built=&#8221;1&#8243; custom_padding_last_edited=&#8221;on|phone&#8221; _builder_version=&#8221;4.9.4&#8243; _module_preset=&#8221;default&#8221; background_color=&#8221;#fff7f7&#8243; background_enable_image=&#8221;off&#8221; custom_padding=&#8221;150px||150px||true|&#8221; custom_padding_tablet=&#8221;110px||110px||true|false&#8221; custom_padding_phone=&#8221;80px||80px||true|false&#8221;][et_pb_row _builder_version=&#8221;4.9.4&#8243; _module_preset=&#8221;default&#8221; custom_padding=&#8221;2px||0px|||&#8221;][et_pb_column type=&#8221;4_4&#8243; _builder_version=&#8221;4.9.4&#8243; _module_preset=&#8221;default&#8221;][et_pb_text _builder_version=&#8221;4.9.4&#8243; _module_preset=&#8221;default&#8221; header_font=&#8221;|700|||||||&#8221; header_font_size=&#8221;48px&#8221; text_orientation=&#8221;center&#8221; custom_margin=&#8221;||25px|||&#8221; header_font_size_tablet=&#8221;&#8221; header_font_size_phone=&#8221;32px&#8221; header_font_size_last_edited=&#8221;on|phone&#8221;]<\/p>\n<h1>Labbra<\/h1>\n<p>[\/et_pb_text][et_pb_text _builder_version=&#8221;4.9.4&#8243; _module_preset=&#8221;default&#8221; text_font=&#8221;|300|||||||&#8221; header_font=&#8221;|700|||||||&#8221; header_font_size=&#8221;48px&#8221; text_orientation=&#8221;center&#8221; width=&#8221;64%&#8221; width_tablet=&#8221;100%&#8221; width_phone=&#8221;&#8221; width_last_edited=&#8221;on|tablet&#8221; module_alignment=&#8221;center&#8221; custom_padding=&#8221;||||false|false&#8221;]<\/p>\n<p>I prodotti per le labbra di +LAQ Colours sono un&#8217;opzione salutare per abbellire le tue labbra, perch\u00e9 sono elaborati con ingredienti naturali di alta qualit\u00e0 che offrono una cura eccezionale alla pelle. Offriamo tre tipi diversi di prodotti per le labbra, in modo che si adattino alle tue esigenze: semi-mat, idratante e personalizzato a seconda del pH della tua pelle. <\/p>\n<p>Scopri la differenza di labbra pi\u00f9 sane e radianti con i prodotti di +LAQ Colours.<\/p>\n<p>[\/et_pb_text][\/et_pb_column][\/et_pb_row][\/et_pb_section][et_pb_section fb_built=&#8221;1&#8243; custom_padding_last_edited=&#8221;on|tablet&#8221; module_id=&#8221;smalti&#8221; _builder_version=&#8221;4.9.4&#8243; _module_preset=&#8221;default&#8221; custom_padding=&#8221;130px||130px||true|&#8221; custom_padding_tablet=&#8221;80px||60px||false|false&#8221; custom_padding_phone=&#8221;50px||50px||true|false&#8221;][et_pb_row column_structure=&#8221;1_4,1_4,1_4,1_4&#8243; use_custom_gutter=&#8221;on&#8221; gutter_width=&#8221;1&#8243; _builder_version=&#8221;4.9.4&#8243; _module_preset=&#8221;default&#8221; custom_padding=&#8221;||31px|||&#8221;][et_pb_column type=&#8221;1_4&#8243; _builder_version=&#8221;4.9.4&#8243; _module_preset=&#8221;default&#8221;][et_pb_image src=&#8221;https:\/\/www.laqcolours.com\/wp-content\/uploads\/2023\/03\/hialuronic-lip-care.png&#8221; title_text=&#8221;hialuronic-lip-care&#8221; align=&#8221;center&#8221; _builder_version=&#8221;4.9.4&#8243; _module_preset=&#8221;default&#8221; width=&#8221;100px&#8221; width_tablet=&#8221;&#8221; width_phone=&#8221;70px&#8221; width_last_edited=&#8221;on|phone&#8221; custom_margin=&#8221;||70px|||&#8221; custom_margin_tablet=&#8221;&#8221; custom_margin_phone=&#8221;||40px||false|false&#8221; custom_margin_last_edited=&#8221;on|phone&#8221;][\/et_pb_image][\/et_pb_column][et_pb_column type=&#8221;1_4&#8243; _builder_version=&#8221;4.9.4&#8243; _module_preset=&#8221;default&#8221;][et_pb_text _builder_version=&#8221;4.9.4&#8243; _module_preset=&#8221;default&#8221; text_font=&#8221;|300|||||||&#8221; header_font=&#8221;|700|||||||&#8221; header_font_size=&#8221;48px&#8221; header_2_font=&#8221;Libre Caslon Text||||||||&#8221; header_2_font_size=&#8221;40px&#8221; header_3_font=&#8221;Libre Caslon Text||||||||&#8221; header_3_font_size=&#8221;38px&#8221; width=&#8221;100%&#8221; module_alignment=&#8221;center&#8221; custom_margin=&#8221;||15px||false|false&#8221; custom_padding=&#8221;||||false|false&#8221; custom_padding_tablet=&#8221;&#8221; custom_padding_phone=&#8221;10px||||false|false&#8221; custom_padding_last_edited=&#8221;on|phone&#8221; header_3_font_size_tablet=&#8221;&#8221; header_3_font_size_phone=&#8221;28px&#8221; header_3_font_size_last_edited=&#8221;on|phone&#8221; global_colors_info=&#8221;{}&#8221;]<\/p>\n<h3>Gloss con acido ialuronico<\/h3>\n<p>[\/et_pb_text][et_pb_text _builder_version=&#8221;4.9.4&#8243; _module_preset=&#8221;default&#8221; text_font=&#8221;|300|||||||&#8221; header_font=&#8221;|700|||||||&#8221; header_font_size=&#8221;48px&#8221; header_2_font_size=&#8221;40px&#8221; width=&#8221;100%&#8221; module_alignment=&#8221;center&#8221; custom_margin=&#8221;41px||40px||false|false&#8221; custom_margin_tablet=&#8221;41px||80px||false|false&#8221; custom_margin_phone=&#8221;21px||60px||false|false&#8221; custom_margin_last_edited=&#8221;on|tablet&#8221; custom_padding=&#8221;||||false|false&#8221; global_colors_info=&#8221;{}&#8221;]<\/p>\n<p>Elaborato con acido ialuronico, ceramidi e collagene, questo gloss riempir\u00e0 le tue labbra e le idrater\u00e0 allo stesso tempo. Ottieni delle labbra pi\u00f9 spesse e rigide con volume totale all&#8217;istante. Tieni in conto che questo prodotto produce un effetto mentolato sulle labbra.  <\/p>\n<p>[\/et_pb_text][\/et_pb_column][et_pb_column type=&#8221;1_4&#8243; _builder_version=&#8221;4.9.4&#8243; _module_preset=&#8221;default&#8221;][et_pb_image src=&#8221;https:\/\/www.laqcolours.com\/wp-content\/uploads\/2023\/03\/serum-labial.png&#8221; title_text=&#8221;serum labial&#8221; align=&#8221;center&#8221; _builder_version=&#8221;4.9.4&#8243; _module_preset=&#8221;default&#8221; width=&#8221;97px&#8221; width_tablet=&#8221;&#8221; width_phone=&#8221;70px&#8221; width_last_edited=&#8221;on|phone&#8221; custom_margin=&#8221;||70px|||&#8221; custom_margin_tablet=&#8221;&#8221; custom_margin_phone=&#8221;||40px||false|false&#8221; custom_margin_last_edited=&#8221;on|phone&#8221;][\/et_pb_image][\/et_pb_column][et_pb_column type=&#8221;1_4&#8243; _builder_version=&#8221;4.9.4&#8243; _module_preset=&#8221;default&#8221;][et_pb_text _builder_version=&#8221;4.9.4&#8243; _module_preset=&#8221;default&#8221; text_font=&#8221;|300|||||||&#8221; header_font=&#8221;|700|||||||&#8221; header_font_size=&#8221;48px&#8221; header_2_font=&#8221;Libre Caslon Text||||||||&#8221; header_2_font_size=&#8221;40px&#8221; header_3_font=&#8221;Libre Caslon Text||||||||&#8221; header_3_font_size=&#8221;38px&#8221; width=&#8221;100%&#8221; module_alignment=&#8221;center&#8221; custom_margin=&#8221;5px||15px||false|false&#8221; custom_margin_tablet=&#8221;0px||||false|false&#8221; custom_margin_phone=&#8221;&#8221; custom_margin_last_edited=&#8221;on|phone&#8221; custom_padding=&#8221;||||false|false&#8221; header_3_font_size_tablet=&#8221;&#8221; header_3_font_size_phone=&#8221;28px&#8221; header_3_font_size_last_edited=&#8221;on|phone&#8221; global_colors_info=&#8221;{}&#8221;]<\/p>\n<h3>Siero per le labbra magico<\/h3>\n<p>[\/et_pb_text][et_pb_text _builder_version=&#8221;4.9.4&#8243; _module_preset=&#8221;default&#8221; text_font=&#8221;|300|||||||&#8221; header_font=&#8221;|700|||||||&#8221; header_font_size=&#8221;48px&#8221; header_2_font_size=&#8221;40px&#8221; width=&#8221;100%&#8221; module_alignment=&#8221;center&#8221; custom_margin=&#8221;41px||40px||false|false&#8221; custom_margin_tablet=&#8221;41px||80px||false|false&#8221; custom_margin_phone=&#8221;21px||50px||false|false&#8221; custom_margin_last_edited=&#8221;on|tablet&#8221; custom_padding=&#8221;||||false|false&#8221; global_colors_info=&#8221;{}&#8221;]<\/p>\n<p>Ideato per dare idratazione e succosit\u00e0 alle tue labbra, il Siero Lip Magic \u00e8 elaborato con emollienti derivati da vegetali che producono una sensazione di delicatezza estrema sulla pelle. \u00c8 apparentemente trasparente, ma dar\u00e0 alle tue labbra una tonalit\u00e0 rosa diversa a seconda del pH della tua pelle. <\/p>\n<p>[\/et_pb_text][\/et_pb_column][\/et_pb_row][et_pb_row column_structure=&#8221;1_3,1_3,1_3&#8243; use_custom_gutter=&#8221;on&#8221; _builder_version=&#8221;4.9.4&#8243; _module_preset=&#8221;default&#8221; custom_margin=&#8221;30px||||false|false&#8221; custom_padding=&#8221;||||false|false&#8221;][et_pb_column type=&#8221;1_3&#8243; _builder_version=&#8221;4.9.4&#8243; _module_preset=&#8221;default&#8221;][et_pb_image src=&#8221;https:\/\/www.laqcolours.com\/wp-content\/uploads\/2023\/03\/compo-labial-laqcolours.jpg&#8221; title_text=&#8221;compo-labial-laqcolours&#8221; align=&#8221;center&#8221; _builder_version=&#8221;4.9.4&#8243; _module_preset=&#8221;default&#8221; width=&#8221;360px&#8221; width_tablet=&#8221;&#8221; width_phone=&#8221;260px&#8221; width_last_edited=&#8221;on|phone&#8221; module_alignment=&#8221;center&#8221; custom_margin=&#8221;||50px||false|false&#8221; custom_margin_tablet=&#8221;&#8221; custom_margin_phone=&#8221;||30px||false|false&#8221; custom_margin_last_edited=&#8221;on|phone&#8221;][\/et_pb_image][et_pb_text _builder_version=&#8221;4.9.4&#8243; _module_preset=&#8221;default&#8221; text_font=&#8221;|300|||||||&#8221; header_font=&#8221;|700|||||||&#8221; header_font_size=&#8221;48px&#8221; header_2_font=&#8221;Libre Caslon Text||||||||&#8221; header_2_font_size=&#8221;40px&#8221; header_3_font=&#8221;Libre Caslon Text||||||||&#8221; header_3_font_size=&#8221;38px&#8221; width=&#8221;100%&#8221; module_alignment=&#8221;center&#8221; custom_margin=&#8221;||15px||false|false&#8221; custom_padding=&#8221;30px||||false|false&#8221; header_3_font_size_tablet=&#8221;&#8221; header_3_font_size_phone=&#8221;28px&#8221; header_3_font_size_last_edited=&#8221;on|phone&#8221; global_colors_info=&#8221;{}&#8221;]<\/p>\n<h3>Olio per labbra riparatore istantaneo<\/h3>\n<p>[\/et_pb_text][et_pb_text _builder_version=&#8221;4.9.4&#8243; _module_preset=&#8221;default&#8221; text_font=&#8221;|300|||||||&#8221; header_font=&#8221;|700|||||||&#8221; header_font_size=&#8221;48px&#8221; header_2_font_size=&#8221;40px&#8221; width=&#8221;100%&#8221; module_alignment=&#8221;center&#8221; custom_margin=&#8221;41px||40px||false|false&#8221; custom_margin_tablet=&#8221;41px||80px||false|false&#8221; custom_margin_phone=&#8221;21px||60px||false|false&#8221; custom_margin_last_edited=&#8221;on|tablet&#8221; custom_padding=&#8221;||||false|false&#8221; global_colors_info=&#8221;{}&#8221;]<\/p>\n<p>Disponibile in diversi aromi e sapori (anguria, frutti rossi, mango e biscotto) ripara e idrata in profondit\u00e0 le tue labbra grazie ai principi attivi di olio di rosa mosqueta, mandorle dolci, chicchi d\u2019uva, olio d\u2019oliva, germe di mais e olio di Argan.<\/p>\n<p>La sua formula \u00e8 creata per evitare l\u2019effetto \u00abappiccicoso\u00bb e ottenere una sensazione estremamente piacevole.<\/p>\n<p>[\/et_pb_text][\/et_pb_column][et_pb_column type=&#8221;1_3&#8243; _builder_version=&#8221;4.9.4&#8243; _module_preset=&#8221;default&#8221;][et_pb_image src=&#8221;https:\/\/www.laqcolours.com\/wp-content\/uploads\/2024\/06\/tots-hialuronic.png&#8221; title_text=&#8221;tots hialuronic&#8221; align=&#8221;center&#8221; _builder_version=&#8221;4.9.4&#8243; _module_preset=&#8221;default&#8221; width=&#8221;66%&#8221; width_tablet=&#8221;&#8221; width_phone=&#8221;75%&#8221; width_last_edited=&#8221;on|phone&#8221; module_alignment=&#8221;center&#8221; custom_margin=&#8221;||70px|||&#8221; custom_margin_tablet=&#8221;&#8221; custom_margin_phone=&#8221;||50px||false|false&#8221; custom_margin_last_edited=&#8221;on|phone&#8221;][\/et_pb_image][et_pb_text _builder_version=&#8221;4.9.4&#8243; _module_preset=&#8221;default&#8221; text_font=&#8221;|300|||||||&#8221; header_font=&#8221;|700|||||||&#8221; header_font_size=&#8221;48px&#8221; header_2_font=&#8221;Libre Caslon Text||||||||&#8221; header_2_font_size=&#8221;40px&#8221; header_3_font=&#8221;Libre Caslon Text||||||||&#8221; header_3_font_size=&#8221;38px&#8221; width=&#8221;100%&#8221; module_alignment=&#8221;center&#8221; custom_margin=&#8221;||15px||false|false&#8221; custom_padding=&#8221;||||false|false&#8221; header_3_font_size_tablet=&#8221;&#8221; header_3_font_size_phone=&#8221;28px&#8221; header_3_font_size_last_edited=&#8221;on|phone&#8221; global_colors_info=&#8221;{}&#8221;]<\/p>\n<h3>Hyaluronic Lipstick<\/h3>\n<p>[\/et_pb_text][et_pb_text _builder_version=&#8221;4.9.4&#8243; _module_preset=&#8221;default&#8221; text_font=&#8221;|300|||||||&#8221; header_font=&#8221;|700|||||||&#8221; header_font_size=&#8221;48px&#8221; header_2_font_size=&#8221;40px&#8221; width=&#8221;100%&#8221; module_alignment=&#8221;center&#8221; custom_margin=&#8221;41px||40px||false|false&#8221; custom_margin_tablet=&#8221;41px||80px||false|false&#8221; custom_margin_phone=&#8221;21px||60px||false|false&#8221; custom_margin_last_edited=&#8221;on|tablet&#8221; custom_padding=&#8221;||||false|false&#8221; global_colors_info=&#8221;{}&#8221;]<\/p>\n<p>L&#8217;Espositore Self-Service di +LAQ Colours mette in evidenza i nostri prodotti di punta con una presentazione pratica e accattivante. Include 6 tonalit\u00e0 di Hyaluronic Beauty Lipstick (6 unit\u00e0 per tonalit\u00e0), 6 unit\u00e0 di Fissatore Labbra e 1 tester per ogni tonalit\u00e0 di Hyaluronic Beauty. Perfetto per migliorare l&#8217;esperienza del cliente e facilitare l&#8217;auto-vendita nella tua farmacia. <\/p>\n<p>Formulato con oli vegetali e attivi naturali, offre massimo comfort e una perfetta affinit\u00e0 con la pelle, mentre il burro di cacao protegge e idrata in profondit\u00e0.<\/p>\n<p>Grazie all&#8217;acido ialuronico e al Collagen PrePeptide, le tue labbra rimarranno sode e ringiovanite, affrontando le esigenze anti-invecchiamento a lungo termine.<\/p>\n<p>Disponibile in 6 tonalit\u00e0, il Rossetto Hyaluronic Beauty unisce colore e trattamento in un unico prodotto, regalandoti labbra pi\u00f9 sane, voluminose e radianti.<\/p>\n<p>Meriti una cosmesi attiva!<\/p>\n<p>[\/et_pb_text][\/et_pb_column][et_pb_column type=&#8221;1_3&#8243; _builder_version=&#8221;4.9.4&#8243; _module_preset=&#8221;default&#8221;][et_pb_image src=&#8221;https:\/\/www.laqcolours.com\/wp-content\/uploads\/2024\/06\/magic-lip-fix.png&#8221; title_text=&#8221;magic lip fix&#8221; align=&#8221;center&#8221; _builder_version=&#8221;4.9.4&#8243; _module_preset=&#8221;default&#8221; width=&#8221;360px&#8221; width_tablet=&#8221;&#8221; width_phone=&#8221;260px&#8221; width_last_edited=&#8221;on|phone&#8221; module_alignment=&#8221;center&#8221; custom_margin=&#8221;||50px||false|false&#8221; custom_margin_tablet=&#8221;&#8221; custom_margin_phone=&#8221;||40px||false|false&#8221; custom_margin_last_edited=&#8221;on|phone&#8221; custom_padding=&#8221;50px||50px||false|false&#8221; custom_padding_tablet=&#8221;0px||0px||false|false&#8221; custom_padding_phone=&#8221;&#8221; custom_padding_last_edited=&#8221;on|tablet&#8221;][\/et_pb_image][et_pb_text _builder_version=&#8221;4.9.4&#8243; _module_preset=&#8221;default&#8221; text_font=&#8221;|300|||||||&#8221; header_font=&#8221;|700|||||||&#8221; header_font_size=&#8221;48px&#8221; header_2_font=&#8221;Libre Caslon Text||||||||&#8221; header_2_font_size=&#8221;40px&#8221; header_3_font=&#8221;Libre Caslon Text||||||||&#8221; header_3_font_size=&#8221;38px&#8221; width=&#8221;100%&#8221; module_alignment=&#8221;center&#8221; custom_margin=&#8221;||15px||false|false&#8221; custom_padding=&#8221;||||false|false&#8221; header_3_font_size_tablet=&#8221;&#8221; header_3_font_size_phone=&#8221;28px&#8221; header_3_font_size_last_edited=&#8221;on|phone&#8221; global_colors_info=&#8221;{}&#8221;]<\/p>\n<h3>Fissatore Labbra<\/h3>\n<p>[\/et_pb_text][et_pb_text _builder_version=&#8221;4.9.4&#8243; _module_preset=&#8221;default&#8221; text_font=&#8221;|300|||||||&#8221; header_font=&#8221;|700|||||||&#8221; header_font_size=&#8221;48px&#8221; header_2_font_size=&#8221;40px&#8221; width=&#8221;100%&#8221; module_alignment=&#8221;center&#8221; custom_margin=&#8221;41px||40px||false|false&#8221; custom_margin_tablet=&#8221;41px||80px||false|false&#8221; custom_margin_phone=&#8221;21px||60px||false|false&#8221; custom_margin_last_edited=&#8221;on|tablet&#8221; custom_padding=&#8221;||||false|false&#8221; global_colors_info=&#8221;{}&#8221;]<\/p>\n<p>Assicura la durata del tuo colore labbra con il Fissatore Labbra di +LAQ Colours. Questo innovativo liquido \u00e8 progettato per essere applicato sulle labbra precedentemente dipinte, garantendo una finitura a lunga tenuta. Una volta asciutto, assicura che il tuo rossetto rimanga intatto per ore, resistendo all&#8217;usura e mantenendo l&#8217;intensit\u00e0 del colore.  <\/p>\n<p>Con il Fissatore Labbra esclusivo di +LAQ, goditi labbra impeccabili e perfettamente definite per tutta la giornata. Fai s\u00ec che il tuo trucco labbra duri pi\u00f9 a lungo e sia ancora pi\u00f9 bello con +LAQ Colours! <\/p>\n<p>[\/et_pb_text][\/et_pb_column][\/et_pb_row][et_pb_row _builder_version=&#8221;4.9.4&#8243; _module_preset=&#8221;default&#8221; column_structure=&#8221;1_2,1_2&#8243;][et_pb_column _builder_version=&#8221;4.9.4&#8243; _module_preset=&#8221;default&#8221; type=&#8221;1_2&#8243;][et_pb_image src=&#8221;https:\/\/www.laqcolours.com\/wp-content\/uploads\/2024\/10\/lip-liner-compo-madera-web.jpg&#8221; _builder_version=&#8221;4.9.4&#8243; _module_preset=&#8221;default&#8221; title_text=&#8221;lip liner compo madera- web&#8221; hover_enabled=&#8221;0&#8243; sticky_enabled=&#8221;0&#8243; disabled_on=&#8221;off|off|on&#8221;][\/et_pb_image][et_pb_text _builder_version=&#8221;4.9.4&#8243; _module_preset=&#8221;default&#8221; text_font=&#8221;|300|||||||&#8221; header_font=&#8221;|700|||||||&#8221; header_font_size=&#8221;48px&#8221; header_2_font=&#8221;Libre Caslon Text||||||||&#8221; header_2_font_size=&#8221;40px&#8221; header_3_font=&#8221;Libre Caslon Text||||||||&#8221; header_3_font_size=&#8221;38px&#8221; width=&#8221;100%&#8221; module_alignment=&#8221;center&#8221; custom_margin=&#8221;||15px||false|false&#8221; custom_padding=&#8221;30px||||false|false&#8221; header_3_font_size_tablet=&#8221;&#8221; header_3_font_size_phone=&#8221;28px&#8221; header_3_font_size_last_edited=&#8221;on|phone&#8221; global_colors_info=&#8221;{}&#8221;]<\/p>\n<h3>Lipstick<\/h3>\n<p>[\/et_pb_text][et_pb_text _builder_version=&#8221;4.9.4&#8243; _module_preset=&#8221;default&#8221; text_font=&#8221;|300|||||||&#8221; header_font=&#8221;|700|||||||&#8221; header_font_size=&#8221;48px&#8221; header_2_font_size=&#8221;40px&#8221; width=&#8221;100%&#8221; module_alignment=&#8221;center&#8221; custom_margin=&#8221;41px||40px||false|false&#8221; custom_margin_tablet=&#8221;41px||80px||false|false&#8221; custom_margin_phone=&#8221;21px||60px||false|false&#8221; custom_margin_last_edited=&#8221;on|tablet&#8221; custom_padding=&#8221;||||false|false&#8221; global_colors_info=&#8221;{}&#8221;]<\/p>\n<p>Le matite per labbra di +LAQ sono create per definire le tue labbra con precisione ed eleganza. La loro texture precisa e duratura permette un contorno impeccabile, offrendo una finitura opaca sofisticata che mette in risalto la forma naturale delle tue labbra. <\/p>\n<p>Formulate senza oli n\u00e9 profumi, queste matite sono 100% vegane e sono state testate dermatologicamente per assicurare la loro compatibilit\u00e0 con tutti i tipi di pelle. Inoltre, sono realizzate con legno di cedro, aggiungendo un tocco di sostenibilit\u00e0. <\/p>\n<p>Disponibili in cinque tonalit\u00e0 irresistibili:<\/p>\n<p><strong>01.<\/strong> GINGER<br \/><strong>02.<\/strong> BERRY<br \/><strong>03.<\/strong> CORAL<br \/><strong>04.<\/strong> NUDE<br \/><strong>05.<\/strong> ROUGE<\/p>\n<p>La sua formula \u00e8 creata per evitare l\u2019effetto \u00abappiccicoso\u00bb e ottenere una sensazione estremamente piacevole.<\/p>\n<p>[\/et_pb_text][\/et_pb_column][et_pb_column _builder_version=&#8221;4.9.4&#8243; _module_preset=&#8221;default&#8221; type=&#8221;1_2&#8243;][et_pb_image src=&#8221;https:\/\/www.laqcolours.com\/wp-content\/uploads\/2024\/10\/lip-liner-compo-madera-web.jpg&#8221; _builder_version=&#8221;4.9.4&#8243; _module_preset=&#8221;default&#8221; title_text=&#8221;lip liner compo madera- web&#8221; hover_enabled=&#8221;0&#8243; sticky_enabled=&#8221;0&#8243; disabled_on=&#8221;on|on|off&#8221;][\/et_pb_image][\/et_pb_column][\/et_pb_row][\/et_pb_section]<\/p>\n","protected":false},"excerpt":{"rendered":"<p>[et_pb_section fb_built=&#8221;1&#8243; custom_padding_last_edited=&#8221;on|phone&#8221; _builder_version=&#8221;4.9.4&#8243; _module_preset=&#8221;default&#8221; background_color=&#8221;#fff7f7&#8243; background_enable_image=&#8221;off&#8221; custom_padding=&#8221;150px||150px||true|&#8221; custom_padding_tablet=&#8221;110px||110px||true|false&#8221; custom_padding_phone=&#8221;80px||80px||true|false&#8221;][et_pb_row _builder_version=&#8221;4.9.4&#8243; _module_preset=&#8221;default&#8221; custom_padding=&#8221;2px||0px|||&#8221;][et_pb_column type=&#8221;4_4&#8243; _builder_version=&#8221;4.9.4&#8243; _module_preset=&#8221;default&#8221;][et_pb_text _builder_version=&#8221;4.9.4&#8243; _module_preset=&#8221;default&#8221; header_font=&#8221;|700|||||||&#8221; header_font_size=&#8221;48px&#8221; text_orientation=&#8221;center&#8221; custom_margin=&#8221;||25px|||&#8221; header_font_size_tablet=&#8221;&#8221; header_font_size_phone=&#8221;32px&#8221; header_font_size_last_edited=&#8221;on|phone&#8221;] Labbra [\/et_pb_text][et_pb_text _builder_version=&#8221;4.9.4&#8243; _module_preset=&#8221;default&#8221; text_font=&#8221;|300|||||||&#8221; header_font=&#8221;|700|||||||&#8221; header_font_size=&#8221;48px&#8221; text_orientation=&#8221;center&#8221; width=&#8221;64%&#8221; width_tablet=&#8221;100%&#8221; width_phone=&#8221;&#8221; width_last_edited=&#8221;on|tablet&#8221; module_alignment=&#8221;center&#8221; custom_padding=&#8221;||||false|false&#8221;] I prodotti per le labbra di +LAQ Colours sono un&#8217;opzione salutare per abbellire le tue labbra, [&hellip;]<\/p>\n","protected":false},"author":1,"featured_media":0,"parent":0,"menu_order":0,"comment_status":"closed","ping_status":"closed","template":"","meta":{"_et_pb_use_builder":"on","_et_pb_old_content":"","_et_gb_content_width":"","footnotes":""},"class_list":["post-1551","page","type-page","status-publish","hentry"],"_links":{"self":[{"href":"https:\/\/www.laqcolours.com\/it\/wp-json\/wp\/v2\/pages\/1551","targetHints":{"allow":["GET"]}}],"collection":[{"href":"https:\/\/www.laqcolours.com\/it\/wp-json\/wp\/v2\/pages"}],"about":[{"href":"https:\/\/www.laqcolours.com\/it\/wp-json\/wp\/v2\/types\/page"}],"author":[{"embeddable":true,"href":"https:\/\/www.laqcolours.com\/it\/wp-json\/wp\/v2\/users\/1"}],"replies":[{"embeddable":true,"href":"https:\/\/www.laqcolours.com\/it\/wp-json\/wp\/v2\/comments?post=1551"}],"version-history":[{"count":9,"href":"https:\/\/www.laqcolours.com\/it\/wp-json\/wp\/v2\/pages\/1551\/revisions"}],"predecessor-version":[{"id":2278,"href":"https:\/\/www.laqcolours.com\/it\/wp-json\/wp\/v2\/pages\/1551\/revisions\/2278"}],"wp:attachment":[{"href":"https:\/\/www.laqcolours.com\/it\/wp-json\/wp\/v2\/media?parent=1551"}],"curies":[{"name":"wp","href":"https:\/\/api.w.org\/{rel}","templated":true}]}}