{"id":1585,"date":"2021-07-18T15:07:45","date_gmt":"2021-07-18T15:07:45","guid":{"rendered":"https:\/\/www.laqcolours.com\/informativa-sulla-privacy\/"},"modified":"2024-03-14T11:55:53","modified_gmt":"2024-03-14T11:55:53","slug":"informativa-sulla-privacy","status":"publish","type":"page","link":"https:\/\/www.laqcolours.com\/it\/informativa-sulla-privacy\/","title":{"rendered":"Informativa sulla privacy"},"content":{"rendered":"<p>[et_pb_section fb_built=&#8221;1&#8243; custom_padding_last_edited=&#8221;on|tablet&#8221; _builder_version=&#8221;4.9.4&#8243; _module_preset=&#8221;default&#8221; background_color=&#8221;#fff7f7&#8243; background_enable_image=&#8221;off&#8221; custom_padding=&#8221;120px||90px||false|false&#8221; custom_padding_tablet=&#8221;110px||110px||true|false&#8221; custom_padding_phone=&#8221;80px||80px||true|false&#8221;][et_pb_row _builder_version=&#8221;4.9.4&#8243; _module_preset=&#8221;default&#8221; custom_padding=&#8221;2px||0px|||&#8221;][et_pb_column type=&#8221;4_4&#8243; _builder_version=&#8221;4.9.4&#8243; _module_preset=&#8221;default&#8221;][et_pb_text _builder_version=&#8221;4.9.4&#8243; _module_preset=&#8221;default&#8221; header_font=&#8221;|700|||||||&#8221; header_font_size=&#8221;48px&#8221; text_orientation=&#8221;center&#8221; custom_margin=&#8221;||25px|||&#8221; hover_enabled=&#8221;0&#8243; header_font_size_tablet=&#8221;&#8221; header_font_size_phone=&#8221;32px&#8221; header_font_size_last_edited=&#8221;on|phone&#8221; sticky_enabled=&#8221;0&#8243;]<\/p>\n<h1>Informativa sulla privacy<\/h1>\n<p>[\/et_pb_text][\/et_pb_column][\/et_pb_row][\/et_pb_section][et_pb_section fb_built=&#8221;1&#8243; custom_padding_last_edited=&#8221;on|tablet&#8221; module_id=&#8221;smalti&#8221; _builder_version=&#8221;4.9.4&#8243; _module_preset=&#8221;default&#8221; custom_padding=&#8221;0px||0px||true|false&#8221; custom_padding_tablet=&#8221;80px||80px||true|false&#8221; custom_padding_phone=&#8221;&#8221;][et_pb_row _builder_version=&#8221;4.9.4&#8243; _module_preset=&#8221;default&#8221; custom_padding=&#8221;||31px|||&#8221;][et_pb_column type=&#8221;4_4&#8243; _builder_version=&#8221;4.9.4&#8243; _module_preset=&#8221;default&#8221;][et_pb_text module_class=&#8221;sevenfree&#8221; _builder_version=&#8221;4.9.4&#8243; _module_preset=&#8221;default&#8221; text_font=&#8221;|300|||||||&#8221; header_font=&#8221;|700|||||||&#8221; header_font_size=&#8221;48px&#8221; header_2_font=&#8221;Libre Caslon Text||||||||&#8221; width=&#8221;100%&#8221; module_alignment=&#8221;center&#8221; custom_margin=&#8221;100px||123px||false|false&#8221; custom_margin_tablet=&#8221;41px||60px||false|false&#8221; custom_margin_phone=&#8221;11px||50px||false|false&#8221; custom_margin_last_edited=&#8221;on|tablet&#8221; custom_padding=&#8221;|0px||0px|false|false&#8221; custom_padding_tablet=&#8221;|0px||0px|false|false&#8221; custom_padding_phone=&#8221;&#8221; custom_padding_last_edited=&#8221;on|phone&#8221; hover_enabled=&#8221;0&#8243; sticky_enabled=&#8221;0&#8243;]<\/p>\n<p>Con la presente Informativa sulla privacy, Myrline SL la informa in merito al trattamento e alla protezione dei dati personali degli utenti che possono essere raccolti durante la navigazione nel sito web <a href=\"https:\/\/myrline.com\/politica-de-privacidad\/\">https:\/\/myrline.com<\/a>.<\/p>\n<p>A tal riguardo, Myrline SL garantisce il rispetto delle disposizioni normative vigenti in materia di protezione dei dati personali di cui alla legge organica 5 dicembre 2018, n. 3, sulla protezione dei dati personali e sulla garanzia dei diritti digitali (Ley Org\u00e1nica 3\/2018, de 5 de diciembre, de Protecci\u00f3n de Datos Personales y de Garant\u00eda de Derechos Digitales, LOPD GDD). Myrline SL garantisce, altres\u00ec, il rispetto del Regolamento (UE) 2016\/679 del Parlamento europeo e del Consiglio del 27 aprile 2016, relativo alla protezione delle persone fisiche (RGDP). <\/p>\n<p>L&#8217;uso del sito web implica l&#8217;accettazione di questa politica sulla privacy nonch\u00e9 delle condizioni contenute nelle <a href=\"https:\/\/myrline.com\/aviso-legal\/\">Note legali.<\/a><\/p>\n<p>&nbsp;<\/p>\n<p>&nbsp;<\/p>\n<h2>Identit\u00e0 del titolare del trattamento<\/h2>\n<p>&nbsp;<\/p>\n<ul>\n<li><b>Titolare del sito:<\/b> Myrline SL.<\/li>\n<li><b>CF\/IVA:<\/b> B66625815<\/li>\n<li><b>Sede legale:<\/b> VIA PRUNERA 21 08415, BIGUES I RIELLS (BARCELLONA), Barcellona \u2013 Spagna.<\/li>\n<li><b>E-mail: <\/b> myrline@myrline.com .<\/li>\n<li><b>Sito Web:<\/b> <a href=\"https:\/\/myrline.com\/politica-de-privacidad\/\">https:\/\/myrline.com<\/a><\/li>\n<\/ul>\n<p>&nbsp;<\/p>\n<h2>Principi applicati al trattamento dei dati<\/h2>\n<p>&nbsp;<\/p>\n<p>Al trattamento dei suoi dati personali, il Titolare del sito web applicher\u00e0 i seguenti principi, che si conformano alle prescrizioni di cui al nuovo regolamento europeo sulla protezione dei dati (GDPR):<\/p>\n<ul>\n<li><b>Principio di liceit\u00e0, correttezza e trasparenza:<\/b> Il Titolare del sito web richieder\u00e0 sempre il consenso al trattamento dei dati personali, che pu\u00f2 essere per una o pi\u00f9 specifiche finalit\u00e0, in merito alle quali il Titolare del sito informer\u00e0 previamente l&#8217;Utente con assoluta trasparenza.<\/li>\n<li><b>Principio di minimizzazione dei dati:<\/b> Il Titolare del sito web richieder\u00e0 solo i dati strettamente necessari per il conseguimento della o delle finalit\u00e0 per le quali li richiede.<\/li>\n<li><b>Principio di limitazione della conservazione:<\/b> Il Titolare del sito web conserver\u00e0 i dati personali raccolti per un arco di tempo non superiore al conseguimento della o delle finalit\u00e0 per le quali sono trattati. Il Titolare del sito web informer\u00e0 l&#8217;Utente in merito al periodo di conservazione previsto <a href=\"https:\/\/myrline.com\/politica-de-privacidad\/#finalidad-del-tratamiento-de-datos-personales\">in base alla finalit\u00e0.<\/a> <br \/>le liste e canceller\u00e0 le registrazioni degli utenti rimasti inattivi per un periodo di tempo considerevole.<\/li>\n<li><b>Principio di integrit\u00e0 e riservatezza: <\/b> I dati personali raccolti saranno trattati in modo da garantirne la sicurezza, la riservatezza e l&#8217;integrit\u00e0.<br \/>Il Titolare del sito web adotta le precauzioni necessarie per evitare l&#8217;accesso non autorizzato o l&#8217;uso indebito dei dati degli utenti da parte di terzi.<\/li>\n<\/ul>\n<p>&nbsp;<\/p>\n<h2>Raccolta dei dati personali<\/h2>\n<p>&nbsp;<\/p>\n<p>Per navigare in <a href=\"https:\/\/myrline.com\/politica-de-privacidad\/\">https:\/\/myrline.com<\/a> non \u00e8 necessario fornire alcun dato personale.<\/p>\n<p>I casi in cui \u00e8 tenuto a fornire i suoi dati personali sono i seguenti:<\/p>\n<ul>\n<li>Quando utilizza i moduli di contatto o invia una mail.<\/li>\n<li>Quando commenta un articolo o una pagina.<\/li>\n<li>Quando utilizza un modulo di registrazione o si iscrive a una newsletter gestita dal Titolare del sito web attraverso <a href=\"https:\/\/myrline.com\/politica-de-privacidad\/#destinatarios\">MailChimp<\/a>.<\/li>\n<\/ul>\n<p>&nbsp;<\/p>\n<h2>Diritti<\/h2>\n<p>&nbsp;<\/p>\n<p>Il Titolare del sito web la informa che in merito ai suoi dati personali ha i seguenti diritti:<\/p>\n<ul>\n<li>Richiedere l&#8217;accesso ai dati conservati.<\/li>\n<li>Richiedere una rettifica o la cancellazione.<\/li>\n<li>Richiederne la limitazione del trattamento.<\/li>\n<li>Opporsi al trattamento.<\/li>\n<\/ul>\n<p>&nbsp;<\/p>\n<p>Non pu\u00f2 esercitare il diritto alla portabilit\u00e0 dei dati.<\/p>\n<p>L&#8217;esercizio di tali diritti \u00e8 personale e, pertanto, i diritti devono essere esercitati direttamente dall&#8217;interessato, che dovr\u00e0 farne richiesta direttamente al Titolare del sito web. Ci\u00f2 comporta che qualsiasi cliente, utente registrato o collaboratore che in qualche momento abbia fornito i propri dati pu\u00f2 rivolgersi a Myrline SL per chiedere informazioni in merito ai dati conservati e al modo in cui sono stati raccolti, richiederne la rettifica, opporsi al trattamento, limitarne l&#8217;uso o richiederne la cancellazione dagli archivi del Titolare del sito web.<\/p>\n<p>Per esercitare i suoi diritti di accesso, rettifica, cancellazione e opposizione deve inviare una mail a myrline@myrline.com, allegando copia della carta d&#8217;identit\u00e0 o di un documento equivalente in corso di validit\u00e0. <\/p>\n<p>Ha diritto a un ricorso giurisdizionale effettivo e a proporre reclamo all&#8217;autorit\u00e0 di controllo, nella fattispecie, all&#8217;Agenzia spagnola di protezione dei dati (Agencia Espa\u00f1ola de Protecci\u00f3n de Datos), se ritiene che il trattamento dei dati personali che la riguardano violi il Regolamento.<\/p>\n<p>&nbsp;<\/p>\n<h2 id=\"finalidad-del-tratamiento-de-datos-personales\">Finalit\u00e0 del trattamento dei dati personali<\/h2>\n<p>&nbsp;<\/p>\n<p>Quando si collega al sito web per mandare una mail al Titolare, scrive un commento a un articolo o a una pagina o si iscrive alla newsletter, sta fornendo informazioni di carattere personale. Il titolare del trattamento di tali informazioni \u00e8 Myrline SL. Le suddette informazioni possono contenere dati di carattere personale, quali l&#8217;indirizzo IP, nome e cognome, indirizzo fisico, indirizzo e-mail, numero di telefono, ecc. Fornendo tali informazioni, presta il suo consenso alla raccolta, all&#8217;utilizzo, alla gestione e alla conservazione dei suoi dati da parte di \u2014 Myrline SL \u2014 solo nelle modalit\u00e0 descritte nelle <a href=\"https:\/\/myrline.com\/aviso-legal\/\">Note legalil<\/a> e nella presente <a href=\"https:\/\/myrline.com\/politica-de-privacidad\/\">Informativa sulla privacy<\/a>.  <\/p>\n<p>I dati personali e la finalit\u00e0 del trattamento da parte del Titolare del sito web variano a seconda del sistema di raccolta delle informazioni:<\/p>\n<ul>\n<li><b>Moduli di contatto:<\/b> I dati personali richiesti dal Titolare del sito web possono essere: nome e cognome, indirizzo e-mail, numero di telefono e indirizzo del sito web, con la finalit\u00e0 di rispondere alle richieste degli Utenti.<br \/>Per esempio, Myrline SL utilizza questi dati per rispondere a messaggi, dubbi, reclami, commenti o curiosit\u00e0 degli Utenti relativi alle informazioni contenute nel sito web, al trattamento dei dati personali, a questioni riguardanti i testi legali contenuti nel sito, nonch\u00e9 a qualsiasi altra richiesta che l&#8217;Utente possa fare e che non sia soggetta alle condizioni d&#8217;uso del sito web.<\/li>\n<li><b>Moduli per i commenti:<\/b> I dati personali richiesti dal Titolare del sito web possono essere: nome e cognome, indirizzo e-mail e indirizzo del sito web, con la finalit\u00e0 di rispondere ai commenti degli Utenti.<\/li>\n<li><b>Moduli di registrazione:<\/b> Il Titolare del sito web richiede i seguenti dati personali: nome e cognome, indirizzo e-mail, numero di telefono e indirizzo di un sito web, con la finalit\u00e0 di gestire l&#8217;elenco degli utenti registrati, inviare newsletter, promozioni e offerte speciali.<br \/>I dati personali forniti al Titolare del sito web saranno conservati nei server di The Rocket Science Group LLC d\/b\/a, con sede negli USA. (Mailchimp). <\/li>\n<\/ul>\n<p>&nbsp;<\/p>\n<p>Altre finalit\u00e0 per le quali il Titolare del sito web tratta dati personali sono:<\/p>\n<p>Garantire il rispetto delle condizioni contenute nelle <a href=\"https:\/\/myrline.com\/aviso-legal\/\">Note legali<\/a> e previste dalla normativa applicabile. Ci\u00f2 pu\u00f2 comprendere lo sviluppo di strumenti e algoritmi che contribuiscano a garantire la riservatezza dei dati personali raccolti da questo sito web.<\/p>\n<ul>\n<li>Supportare e migliorare i servizi offerti da questo sito web.<\/li>\n<li>Analizzare la navigazione degli utenti. Il Titolare del sito web raccoglie altri dati non identificativi che si ottengono grazie all&#8217;uso di cookie, i quali vengono scaricati sul computer dell&#8217;utente quando naviga nel sito web e le cui finalit\u00e0 e caratteristiche sono dettagliatamente descritte nell&#8217;<a href=\"https:\/\/myrline.com\/politica-de-cookies\/\">Informativa sui cookie.<\/a> <\/li>\n<li>Per gestire i social network. Myrline SL \u00e8 presente sui social network. Se lei segue i social network del Titolare del sito web, il trattamento dei dati personali sar\u00e0 regolato dal presente paragrafo, nonch\u00e9 dalle condizioni d&#8217;uso, dalle politiche sulla privacy e dalle norme sull&#8217;accesso del social network, che lei ha previamente accettato.  <br \/>Pu\u00f2 consultare le politiche sulla privacy dei principali social network accedendovi attraverso i seguenti link:\n<p>&nbsp;<\/p>\n<ul>\n<li><a href=\"https:\/\/www.facebook.com\/help\/cookies\" rel=\"nofollow noopener\" target=\"_blank\">Facebook<\/a><\/li>\n<li><a href=\"https:\/\/twitter.com\/privacy\" rel=\"nofollow noopener\" target=\"_blank\">Twitter<\/a><\/li>\n<li><a href=\"https:\/\/www.linkedin.com\/legal\/cookie-policy\" rel=\"nofollow noopener\" target=\"_blank\">Linkedin<\/a><\/li>\n<li><a href=\"https:\/\/www.youtube.com\/privacy\" rel=\"nofollow noopener\" target=\"_blank\">YouTube<\/a><\/li>\n<li><a href=\"https:\/\/www.instagram.com\/legal\/privacy\/\" rel=\"nofollow noopener\" target=\"_blank\">Instagram<\/a><\/li>\n<\/ul>\n<p>&nbsp;<\/p>\n<p>Il Titolare del sito web tratter\u00e0 i suoi dati personali per gestire correttamente la propria presenza nel social network, informarla sulle proprie attivit\u00e0, nonch\u00e9 per qualsiasi altra finalit\u00e0 consentita dalla legge e dai social network.<\/p>\n<p>In nessun caso il Titolare del sito web user\u00e0 i profili dei propri follower nei social network per l&#8217;invio individuale di pubblicit\u00e0.<\/p>\n<p>&nbsp;<\/p>\n<h2><\/h2>\n<\/li>\n<\/ul>\n<h2>Sicurezza dei dati personali<\/h2>\n<p>&nbsp;<\/p>\n<p>Per proteggere i suoi dati personali, il Titolare del sito web adotta tutte le ragionevoli precauzioni e segue le migliori pratiche industriali per evitarne la perdita, l&#8217;uso improprio, l&#8217;accesso indebito, la divulgazione, l&#8217;alterazione o la distruzione.<\/p>\n<p>I suoi dati potranno essere raccolti in un archivio di mailing list, della cui gestione e del cui trattamento \u00e8 titolare Myrline SL. La sicurezza dei suoi dati \u00e8 garantita, in quanto Myrline SL adotta tutte le misure di sicurezza necessarie e le garantisce che i dati personali saranno usati solo per il conseguimento delle finalit\u00e0 indicate. <\/p>\n<p>Myrline SL informa l&#8217;Utente che i suoi dati personali non saranno ceduti a terze organizzazioni, a meno che tale cessione di dati non sia imposta dalla legge o la prestazione di un servizio non comporti la necessit\u00e0 di un rapporto contrattuale con un responsabile del trattamento. In tale ultimo caso, la cessione di dati a terzi sar\u00e0 effettuata solo se Myrline SL ricever\u00e0 il consenso espresso dell&#8217;Utente. <\/p>\n<p>In ogni modo, qualora si instaurassero rapporti di collaborazione con altri professionisti, verr\u00e0 richiesto il consenso all&#8217;Utente, il quale sar\u00e0 informato in merito all&#8217;identit\u00e0 del collaboratore e alla finalit\u00e0 della collaborazione. Il tutto sar\u00e0 svolto sempre secondo i pi\u00f9 rigidi standard di sicurezza. <\/p>\n<p>&nbsp;<\/p>\n<h2>Contenuto di altri siti web<\/h2>\n<p>&nbsp;<\/p>\n<p>Le pagine di questo sito web possono includere contenuti incorporati (per esempio, video, immagini, articoli, ecc.). I contenuti incorporati da altri siti web si comportano esattamente come se avesse visitato l&#8217;altro sito web. <\/p>\n<p>Questi siti web possono raccogliere dati su di lei, utilizzare cookie, incorporare un codice di monitoraggio aggiuntivo di terzi e supervisionare le sue interazioni usando tale codice.<\/p>\n<p>&nbsp;<\/p>\n<h2>Informativa sui cookie<\/h2>\n<p>&nbsp;<\/p>\n<p>Al fine di far funzionare correttamente il sito \u00e8 necessario l&#8217;uso di cookie, che sono informazioni che vengono immagazzinate nel suo browser.<\/p>\n<p>Nella pagina <a href=\"https:\/\/myrline.com\/politica-de-cookies\/\">Informativa sui cookie<\/a> \u00e8 possibile consultare tutte le informazioni relative alla politica sulla raccolta, sulla finalit\u00e0 e sul trattamento dei cookie.<\/p>\n<p>&nbsp;<\/p>\n<h2>Base giuridica del trattamento dei dati<\/h2>\n<p>&nbsp;<\/p>\n<p>La base giuridica del trattamento dei suoi dati \u00e8: il consenso.<\/p>\n<p>Per contattare il Titolare del sito web, iscriversi a una newsletter o scrivere commenti in questo sito web, deve accettare la presente politica sulla privacy.<\/p>\n<p>&nbsp;<\/p>\n<h2>Categorie di dati personali<\/h2>\n<p>&nbsp;<\/p>\n<p>Le categorie di dati personali trattati dal Titolare del sito web sono:<\/p>\n<ul>\n<li>Dati identificativi.<\/li>\n<li>Non sono trattate categorie di dati sensibili.<\/li>\n<\/ul>\n<p>&nbsp;<\/p>\n<h2>Conservazione dei dati personali<\/h2>\n<p>&nbsp;<\/p>\n<p>I dati personali che fornir\u00e0 al Titolare del sito web saranno conservati fino a quando non se ne richieda la cancellazione.<\/p>\n<p>&nbsp;<\/p>\n<div id=\"destinatarios\">\n<h2>Destinatari dei dati personali<\/h2>\n<h2><\/h2>\n<ul>\n<li><b>Mailchimp<\/b> The Rocket Science Group LLC d\/b\/a, con sede negli USA.<br \/>Ulteriori informazioni su: <a href=\"https:\/\/mailchimp.com\/legal\/privacy\/\" rel=\"nofollow noopener\" target=\"_blank\">https:\/\/mailchimp.com<\/a><br \/>The Rocket Science Group LLC d\/b\/a tratta i dati per prestare i propri servizi di mail marketing al Titolare del sito web.<\/li>\n<li><b>Google Analytics<\/b> \u00e8 un servizio di analisi web fornito da Google Inc., una societ\u00e0 costituita in Delaware con sede in 1600 Amphitheatre Parkway, Mountain View (California), CA 94043, Stati Uniti (\u00abGoogle\u00bb).<br \/>Google Analytics utilizza \u00abcookie\u00bb, che sono file di testo posizionati nel tuo computer per aiutare il Titolare del sito web ad analizzare come gli utenti utilizzano il sito. Le informazioni generate dal cookie sull&#8217;uso del sito (compreso l\u2019indirizzo IP) verranno direttamente trasmesse e archiviate da Google nei propri server negli Stati Uniti. <br \/>Ulteriori informazioni su: <a href=\"https:\/\/policies.google.com\/privacy?hl=es-ES\" rel=\"nofollow noopener\" target=\"_blank\">https:\/\/analytics.google.com<\/a><\/li>\n<\/ul>\n<p>&nbsp;<\/p>\n<\/div>\n<p>Nella pagina <a target=\"_blank\" href=\"https:\/\/policies.google.com\/privacy?hl=es\" rel=\"nofollow noopener\">Norme sulla privacy di Google<\/a> \u00e8 spiegato il modo in cui Google gestisce la privacy per ci\u00f2 che riguarda l&#8217;uso dei cookie e di altre informazioni.<\/p>\n<p>Sono disponibili anche un elenco dei <a target=\"_blank\" href=\"https:\/\/policies.google.com\/technologies\/types?hl=es\" rel=\"nofollow noopener\">tipi di cookie<\/a> utilizzati da Google e dai suoi collaboratori e tutte le informazioni relative all&#8217;uso dei <a target=\"_blank\" rel=\"nofollow noopener\" href=\"https:\/\/policies.google.com\/technologies\/ads?hl=es\">cookie pubblicitari.<\/a><\/p>\n<p>&nbsp;<\/p>\n<h2>Navigazione web<\/h2>\n<p>&nbsp;<\/p>\n<p>Durante la navigazione in <a href=\"https:\/\/myrline.com\/politica-de-privacidad\/\">https:\/\/myrline.com<\/a> possono essere raccolti dati non identificativi, quali l&#8217;indirizzo IP, la geolocalizzazione, dati sull&#8217;uso dei servizi e dei siti, abitudini di navigazione e altri dati che non possono essere utilizzati per identificarla.<\/p>\n<p>Il sito web fa uso dei seguenti servizi di analisi forniti da terzi:<\/p>\n<ul>\n<li>Google Analytics<\/li>\n<\/ul>\n<p>Il Titolare del sito web usa le informazioni raccolte per ottenere dati statistici, analizzare tendenze, gestire il sito, studiare modelli di navigazione e raccogliere informazioni demografiche.<\/p>\n<p>Il Titolare del sito web non \u00e8 responsabile del trattamento dei dati personali effettuato dai siti web ai quali potr\u00e0 accedere attraverso i diversi link contenuti nel sito web.<\/p>\n<p>&nbsp;<\/p>\n<h2>Correttezza e veridicit\u00e0 dei dati personali<\/h2>\n<p>&nbsp;<\/p>\n<p>Lei si impegna a fornire al Titolare del sito web dati corretti, completi, esatti e validi, nonch\u00e9 a tenerli debitamente aggiornati.<\/p>\n<p>In qualit\u00e0 di Utente del sito web, lei \u00e8 l&#8217;unico responsabile della veridicit\u00e0 e della correttezza dei dati inviati al sito web, esonerando Myrline SL da qualsiasi responsabilit\u00e0 al riguardo.<\/p>\n<p>&nbsp;<\/p>\n<h2>Accettazione e consenso<\/h2>\n<p>&nbsp;<\/p>\n<p>In qualit\u00e0 di Utente del sito web, dichiara di essere stato informato circa le condizioni sulla protezione dei dati di carattere personale, accetta e acconsente al trattamento dei medesimi da parte di Myrline SL nella modalit\u00e0 e con le finalit\u00e0 indicate nella presente Informativa sulla privacy.<\/p>\n<p>&nbsp;<\/p>\n<h2>Revocabilit\u00e0<\/h2>\n<p>&nbsp;<\/p>\n<p>Per esercitare i suoi diritti di accesso, rettifica, cancellazione e opposizione deve inviare una mail a myrline@myrline.com, allegando copia della carta d&#8217;identit\u00e0 o di un documento equivalente in corso di validit\u00e0. <\/p>\n<p>L&#8217;esercizio di questi diritti non include dati che Myrline SL debba conservare per finalit\u00e0 amministrative, legali o per motivi di sicurezza.<\/p>\n<p>&nbsp;<\/p>\n<h2>Modifiche dell&#8217;Informativa sulla privacy<\/h2>\n<p>&nbsp;<\/p>\n<p>Il Titolare del sito web si riserva il diritto di modificare la presente Informativa sulla privacy al fine di adeguarla a novit\u00e0 legislative o giurisprudenziali, nonch\u00e9 a pratiche industriali.<\/p>\n<p>La presente informativa sar\u00e0 valida fino a quando non sar\u00e0 modificata da un&#8217;altra, che sar\u00e0 debitamente pubblicata.<\/p>\n<p>[\/et_pb_text][\/et_pb_column][\/et_pb_row][\/et_pb_section]<\/p>\n","protected":false},"excerpt":{"rendered":"<p>[et_pb_section fb_built=&#8221;1&#8243; custom_padding_last_edited=&#8221;on|tablet&#8221; _builder_version=&#8221;4.9.4&#8243; _module_preset=&#8221;default&#8221; background_color=&#8221;#fff7f7&#8243; background_enable_image=&#8221;off&#8221; custom_padding=&#8221;120px||90px||false|false&#8221; custom_padding_tablet=&#8221;110px||110px||true|false&#8221; custom_padding_phone=&#8221;80px||80px||true|false&#8221;][et_pb_row _builder_version=&#8221;4.9.4&#8243; _module_preset=&#8221;default&#8221; custom_padding=&#8221;2px||0px|||&#8221;][et_pb_column type=&#8221;4_4&#8243; _builder_version=&#8221;4.9.4&#8243; _module_preset=&#8221;default&#8221;][et_pb_text _builder_version=&#8221;4.9.4&#8243; _module_preset=&#8221;default&#8221; header_font=&#8221;|700|||||||&#8221; header_font_size=&#8221;48px&#8221; text_orientation=&#8221;center&#8221; custom_margin=&#8221;||25px|||&#8221; hover_enabled=&#8221;0&#8243; header_font_size_tablet=&#8221;&#8221; header_font_size_phone=&#8221;32px&#8221; header_font_size_last_edited=&#8221;on|phone&#8221; sticky_enabled=&#8221;0&#8243;] Informativa sulla privacy [\/et_pb_text][\/et_pb_column][\/et_pb_row][\/et_pb_section][et_pb_section fb_built=&#8221;1&#8243; custom_padding_last_edited=&#8221;on|tablet&#8221; module_id=&#8221;smalti&#8221; _builder_version=&#8221;4.9.4&#8243; _module_preset=&#8221;default&#8221; custom_padding=&#8221;0px||0px||true|false&#8221; custom_padding_tablet=&#8221;80px||80px||true|false&#8221; custom_padding_phone=&#8221;&#8221;][et_pb_row _builder_version=&#8221;4.9.4&#8243; _module_preset=&#8221;default&#8221; custom_padding=&#8221;||31px|||&#8221;][et_pb_column type=&#8221;4_4&#8243; _builder_version=&#8221;4.9.4&#8243; _module_preset=&#8221;default&#8221;][et_pb_text module_class=&#8221;sevenfree&#8221; _builder_version=&#8221;4.9.4&#8243; _module_preset=&#8221;default&#8221; text_font=&#8221;|300|||||||&#8221; header_font=&#8221;|700|||||||&#8221; header_font_size=&#8221;48px&#8221; header_2_font=&#8221;Libre Caslon Text||||||||&#8221; width=&#8221;100%&#8221; [&hellip;]<\/p>\n","protected":false},"author":1,"featured_media":0,"parent":0,"menu_order":0,"comment_status":"closed","ping_status":"closed","template":"","meta":{"_et_pb_use_builder":"on","_et_pb_old_content":"","_et_gb_content_width":"","footnotes":""},"class_list":["post-1585","page","type-page","status-publish","hentry"],"_links":{"self":[{"href":"https:\/\/www.laqcolours.com\/it\/wp-json\/wp\/v2\/pages\/1585","targetHints":{"allow":["GET"]}}],"collection":[{"href":"https:\/\/www.laqcolours.com\/it\/wp-json\/wp\/v2\/pages"}],"about":[{"href":"https:\/\/www.laqcolours.com\/it\/wp-json\/wp\/v2\/types\/page"}],"author":[{"embeddable":true,"href":"https:\/\/www.laqcolours.com\/it\/wp-json\/wp\/v2\/users\/1"}],"replies":[{"embeddable":true,"href":"https:\/\/www.laqcolours.com\/it\/wp-json\/wp\/v2\/comments?post=1585"}],"version-history":[{"count":2,"href":"https:\/\/www.laqcolours.com\/it\/wp-json\/wp\/v2\/pages\/1585\/revisions"}],"predecessor-version":[{"id":1587,"href":"https:\/\/www.laqcolours.com\/it\/wp-json\/wp\/v2\/pages\/1585\/revisions\/1587"}],"wp:attachment":[{"href":"https:\/\/www.laqcolours.com\/it\/wp-json\/wp\/v2\/media?parent=1585"}],"curies":[{"name":"wp","href":"https:\/\/api.w.org\/{rel}","templated":true}]}}